{"id":3102,"date":"2023-01-04T15:27:52","date_gmt":"2023-01-04T13:27:52","guid":{"rendered":"https:\/\/dev.movacolor.com\/ueber-uns\/"},"modified":"2024-02-09T22:01:16","modified_gmt":"2024-02-09T20:01:16","slug":"ueber-uns","status":"publish","type":"page","link":"https:\/\/www.movacolor.com\/de\/uber-uns\/","title":{"rendered":"\u00dcber uns"},"content":{"rendered":"<section class=\"l-section wpb_row height_auto\"><div class=\"l-section-h i-cf\"><div class=\"g-cols vc_row via_flex valign_top type_boxes stacking_default\"><div class=\"vc_col-sm-12 wpb_column vc_column_container\"><div class=\"vc_column-inner\"><div class=\"wpb_wrapper\"><h2 class=\"w-post-elm post_title entry-title color_link_inherit\">\u00dcber uns<\/h2><div class=\"g-cols wpb_row via_flex valign_top type_default stacking_default\"><div class=\"vc_col-sm-12 wpb_column vc_column_container\"><div class=\"vc_column-inner\"><div class=\"wpb_wrapper\"><div class=\"wpb_text_column\"><div class=\"wpb_wrapper\"><div class=\"column\">\n<div class=\"column\">\n<div class=\"column\">\n<div class=\"column\">\n<p>Die Marktf\u00fchrerschaft von Movacolor im Bereich der Dosiertechnologie basiert auf fast drei\u00dfig Jahren partnerschaftlicher Beziehungen mit Kunststoff-Herstellern auf der ganzen Welt. Wir wissen, dass die h\u00e4ufigsten Probleme bei Spritzguss- und Extrusionsanwendungen im Zusammenhang mit Variationen bei der Farbe und der Wandst\u00e4rke auftreten.<\/p>\n<\/div>\n<\/div>\n<div class=\"column\">\n<div class=\"column\">\n<p>Die Dosiertechnologie von Movacolor basiert auf der Inline-Dosierung von Masterbatch, Pulver, Mahlgut und fl\u00fcssigen Farbstoffen in das Frischmaterial. Wir kombinieren die einzigartigen Dosierzylinder von Movacolor mit einem Schrittmotor, um durch einen gleichbleibenden Strom zuverl\u00e4ssige Farben und Wandst\u00e4rken zu gew\u00e4hrleisten.<\/p>\n<\/div>\n<\/div>\n<\/div>\n<\/div>\n<\/div><\/div><\/div><\/div><\/div><\/div><\/div><\/div><\/div><\/div><\/div><\/section><section class=\"l-section wpb_row us_custom_adaa8e22 height_medium\"><div class=\"l-section-h i-cf\"><div class=\"g-cols vc_row via_flex valign_top type_default stacking_default\"><div class=\"vc_col-sm-12 wpb_column vc_column_container\"><div class=\"vc_column-inner\"><div class=\"wpb_wrapper\"><div class=\"w-video align_none ratio_16x9 has_iframe\"><div class=\"w-video-h\"><iframe title=\"Youtube video player\" src=\"\/\/www.youtube.com\/embed\/XGiDiLlmQLk?autoplay=0&controls=1&origin=https:\/\/www.movacolor.com\/de\/&loop=0&mute=0\" allowfullscreen=\"1\" loading=\"lazy\"><\/iframe><\/div><\/div><\/div><\/div><\/div><\/div><\/div><\/section><section class=\"l-section wpb_row height_medium\"><div class=\"l-section-h i-cf\"><div class=\"g-cols vc_row via_flex valign_top type_default stacking_default\"><div class=\"vc_col-sm-4 wpb_column vc_column_container\"><div class=\"vc_column-inner\"><div class=\"wpb_wrapper\"><div class=\"wpb_text_column\"><div class=\"wpb_wrapper\"><h2>Dosiertechnologie<\/h2>\n<p>Kunststoffhersteller interessieren sich f\u00fcr alle m\u00f6glichen Eigenschaften der <a href=\"https:\/\/www.movacolor.de\/uber-uns\/dosiertechnologie\">Dosiertechnologie<\/a>. Einige streben Kostenreduzierung\u00a0bei Farbstoffen an. Andere m\u00f6chten einen stabileren Produktionsprozess erreichen. Wieder andere versuchen die Effizienz und Qualit\u00e4t zu verbessern. Alle Dosiersysteme von Movacolor bieten diese spezifischen Vorteile in integrierten, modularen Dosiersystemen f\u00fcr Spritzguss- und Extrusionsanwendungen.<\/p>\n<\/div><\/div><\/div><\/div><\/div><div class=\"vc_col-sm-4 wpb_column vc_column_container\"><div class=\"vc_column-inner\"><div class=\"wpb_wrapper\"><div class=\"wpb_text_column\"><div class=\"wpb_wrapper\"><h2>Dosiersysteme<\/h2>\n<p>Movacolor entwickelt und vertreibt gravimetrische, optometrische und volumetrische Dosiersysteme und kontinuierliche Inline-Mischer f\u00fcr das Spritzgie\u00dfen und die Extrusion. Diese Dosiersysteme erf\u00fcllen den Bedarf an hohem Volumen, Qualit\u00e4t und Zuverl\u00e4ssigkeit bei der Dosierung aller Arten von <a href=\"https:\/\/www.movacolor.com\/de\/materialien\/\">Materialien<\/a>, wie Masterbatch, Pulver, Mahlgut und Fl\u00fcssigkeiten f\u00fcr Kunststoffhersteller auf der ganzen Welt.<\/p>\n<\/div><\/div><\/div><\/div><\/div><div class=\"vc_col-sm-4 wpb_column vc_column_container\"><div class=\"vc_column-inner\"><div class=\"wpb_wrapper\"><div class=\"wpb_text_column\"><div class=\"wpb_wrapper\"><h2>Produktplan<\/h2>\n<p>In unserem <a href=\"https:\/\/www.movacolor.com\/de\/produktkategorien\/\">Produktplan<\/a> finden Sie eine \u00dcbersicht \u00fcber die gesamte Movacolor-Produktlinie. Die Movacolor-Produktlinie besteht aus gravimetrischen, optometrischen und volumetrischen Dosiersystemen und dem dazugeh\u00f6rigen Zubeh\u00f6r. Indem Sie Ihr Material definieren und den farbigen Linien folgen, finden Sie heraus, welches Dosiersystem f\u00fcr das jeweilige Material, das Sie in Ihrer Spritzgie\u00df- oder Extrusionsanwendung dosieren m\u00f6chten, am besten geeignet ist.<\/p>\n<\/div><\/div><\/div><\/div><\/div><\/div><\/div><\/section><section class=\"l-section wpb_row height_medium\"><div class=\"l-section-h i-cf\"><div class=\"g-cols vc_row via_flex valign_top type_default stacking_default\"><div class=\"vc_col-sm-4 wpb_column vc_column_container\"><div class=\"vc_column-inner\"><div class=\"wpb_wrapper\"><div class=\"wpb_text_column\"><div class=\"wpb_wrapper\"><h2>F\u00fcnf Jahre Garantie<\/h2>\n<p>Wir als Movacolor sind stolz auf die qualitativ hochwertigen, robusten gravimetrischen, optometrischen und volumetrischen <a href=\"https:\/\/www.movacolor.com\/de\/dosing-technology\/\">Dosiersysteme<\/a>, die wir entwickeln und t\u00e4glich an Kunststoffhersteller in der ganzen Welt vertreiben. Aus diesem Grund bieten wir Kunststoffherstellern weltweit eine Standardgarantie von f\u00fcnf Jahren auf alle Verschlei\u00dfteile aller Movacolor-Dosiersysteme.<\/p>\n<\/div><\/div><\/div><\/div><\/div><div class=\"vc_col-sm-4 wpb_column vc_column_container\"><div class=\"vc_column-inner\"><div class=\"wpb_wrapper\"><div class=\"wpb_text_column\"><div class=\"wpb_wrapper\"><h2>Weltweites Vertriebsnetz<\/h2>\n<p>Movacolor verf\u00fcgt \u00fcber ein weltweites Netz von mehr als 70 <a href=\"https:\/\/www.movacolor.com\/de\/kontakt\/handler\/\">Vertriebsh\u00e4ndlern<\/a>, die \u00fcber umfassende Erfahrungen in den Bereichen Spritzgie\u00dfen und Extrusion verf\u00fcgen. Jeder H\u00e4ndler ist auf die Anwendungen der Movacolor-Dosiersysteme und die Dosieranforderungen der Kunststoffhersteller spezialisiert. Egal, ob sie Masterbatch, Pulver, Mahlgut oder Fl\u00fcssigkeit verwenden. Unsere Vertriebspartner k\u00f6nnen immer auf das Fachwissen der Movacolor-Ingenieure z\u00e4hlen, auch wenn es darum geht, ma\u00dfgeschneiderte L\u00f6sungen f\u00fcr Kunststoffhersteller mit ungew\u00f6hnlichen oder sogar einzigartigen Anforderungen zu entwickeln.<\/p>\n<\/div><\/div><\/div><\/div><\/div><div class=\"vc_col-sm-4 wpb_column vc_column_container\"><div class=\"vc_column-inner\"><div class=\"wpb_wrapper\"><div class=\"wpb_text_column\"><div class=\"wpb_wrapper\"><h2>Arbeitsm\u00f6glichkeiten<\/h2>\n<p>Sind Sie auf der Suche nach einem interessanten Job in einem internationalen Unternehmen, das Spa\u00df macht und fortschrittlich ist? Dann arbeiten Sie bei Movacolor in Sneek! Mit einem jungen und begeisterten Team entwickeln und vermarkten wir Dosiersysteme f\u00fcr die Kunststoffindustrie. Erfahren Sie mehr \u00fcber unsere aktuellen <a href=\"https:\/\/www.movacolor.com\/de\/uber-uns\/karriere\/\">Karrierem\u00f6glichkeiten<\/a>.<\/p>\n<\/div><\/div><\/div><\/div><\/div><\/div><\/div><\/section>\n","protected":false},"excerpt":{"rendered":"\u00dcber uns Die Marktf\u00fchrerschaft von Movacolor im Bereich der Dosiertechnologie basiert auf fast drei\u00dfig Jahren partnerschaftlicher Beziehungen mit Kunststoff-Herstellern auf der ganzen Welt. Wir wissen, dass die h\u00e4ufigsten Probleme bei Spritzguss- und Extrusionsanwendungen im Zusammenhang mit Variationen bei der Farbe und der Wandst\u00e4rke auftreten. Die Dosiertechnologie von Movacolor basiert auf der Inline-Dosierung von Masterbatch, Pulver,...","protected":false},"author":2,"featured_media":0,"parent":0,"menu_order":0,"comment_status":"closed","ping_status":"closed","template":"","meta":{"_acf_changed":false,"footnotes":""},"class_list":["post-3102","page","type-page","status-publish","hentry"],"acf":[],"yoast_head":"<!-- This site is optimized with the Yoast SEO plugin v26.4 - https:\/\/yoast.com\/wordpress\/plugins\/seo\/ -->\n<title>\u00dcber uns - Movacolor<\/title>\n<meta name=\"description\" content=\"Entdecken Sie Movacolors f\u00fchrende Dosiertechnologie f\u00fcr Spritzguss und Extrusion. Hochwertige, zuverl\u00e4ssige Systeme f\u00fcr weltweite Kunststoffhersteller.\" \/>\n<meta name=\"robots\" content=\"index, follow, max-snippet:-1, max-image-preview:large, max-video-preview:-1\" \/>\n<link rel=\"canonical\" href=\"https:\/\/www.movacolor.com\/de\/uber-uns\/\" \/>\n<meta property=\"og:locale\" content=\"de_DE\" \/>\n<meta property=\"og:type\" content=\"article\" \/>\n<meta property=\"og:title\" content=\"\u00dcber uns - Movacolor\" \/>\n<meta property=\"og:description\" content=\"Entdecken Sie Movacolors f\u00fchrende Dosiertechnologie f\u00fcr Spritzguss und Extrusion. Hochwertige, zuverl\u00e4ssige Systeme f\u00fcr weltweite Kunststoffhersteller.\" \/>\n<meta property=\"og:url\" content=\"https:\/\/www.movacolor.com\/de\/uber-uns\/\" \/>\n<meta property=\"og:site_name\" content=\"Movacolor\" \/>\n<meta property=\"article:modified_time\" content=\"2024-02-09T20:01:16+00:00\" \/>\n<meta name=\"twitter:card\" content=\"summary_large_image\" \/>\n<meta name=\"twitter:label1\" content=\"Gesch\u00e4tzte Lesezeit\" \/>\n\t<meta name=\"twitter:data1\" content=\"2\u00a0Minuten\" \/>\n<script type=\"application\/ld+json\" class=\"yoast-schema-graph\">{\"@context\":\"https:\/\/schema.org\",\"@graph\":[{\"@type\":\"WebPage\",\"@id\":\"https:\/\/www.movacolor.com\/de\/uber-uns\/\",\"url\":\"https:\/\/www.movacolor.com\/de\/uber-uns\/\",\"name\":\"\u00dcber uns - Movacolor\",\"isPartOf\":{\"@id\":\"https:\/\/www.movacolor.com\/de\/#website\"},\"datePublished\":\"2023-01-04T13:27:52+00:00\",\"dateModified\":\"2024-02-09T20:01:16+00:00\",\"description\":\"Entdecken Sie Movacolors f\u00fchrende Dosiertechnologie f\u00fcr Spritzguss und Extrusion. Hochwertige, zuverl\u00e4ssige Systeme f\u00fcr weltweite Kunststoffhersteller.\",\"breadcrumb\":{\"@id\":\"https:\/\/www.movacolor.com\/de\/uber-uns\/#breadcrumb\"},\"inLanguage\":\"de\",\"potentialAction\":[{\"@type\":\"ReadAction\",\"target\":[\"https:\/\/www.movacolor.com\/de\/uber-uns\/\"]}]},{\"@type\":\"BreadcrumbList\",\"@id\":\"https:\/\/www.movacolor.com\/de\/uber-uns\/#breadcrumb\",\"itemListElement\":[{\"@type\":\"ListItem\",\"position\":1,\"name\":\"Home\",\"item\":\"https:\/\/www.movacolor.com\/de\/\"},{\"@type\":\"ListItem\",\"position\":2,\"name\":\"\u00dcber uns\"}]},{\"@type\":\"WebSite\",\"@id\":\"https:\/\/www.movacolor.com\/de\/#website\",\"url\":\"https:\/\/www.movacolor.com\/de\/\",\"name\":\"Movacolor\",\"description\":\"modular dosing solutions\",\"potentialAction\":[{\"@type\":\"SearchAction\",\"target\":{\"@type\":\"EntryPoint\",\"urlTemplate\":\"https:\/\/www.movacolor.com\/de\/?s={search_term_string}\"},\"query-input\":{\"@type\":\"PropertyValueSpecification\",\"valueRequired\":true,\"valueName\":\"search_term_string\"}}],\"inLanguage\":\"de\"}]}<\/script>\n<!-- \/ Yoast SEO plugin. -->","yoast_head_json":{"title":"\u00dcber uns - Movacolor","description":"Entdecken Sie Movacolors f\u00fchrende Dosiertechnologie f\u00fcr Spritzguss und Extrusion. Hochwertige, zuverl\u00e4ssige Systeme f\u00fcr weltweite Kunststoffhersteller.","robots":{"index":"index","follow":"follow","max-snippet":"max-snippet:-1","max-image-preview":"max-image-preview:large","max-video-preview":"max-video-preview:-1"},"canonical":"https:\/\/www.movacolor.com\/de\/uber-uns\/","og_locale":"de_DE","og_type":"article","og_title":"\u00dcber uns - Movacolor","og_description":"Entdecken Sie Movacolors f\u00fchrende Dosiertechnologie f\u00fcr Spritzguss und Extrusion. Hochwertige, zuverl\u00e4ssige Systeme f\u00fcr weltweite Kunststoffhersteller.","og_url":"https:\/\/www.movacolor.com\/de\/uber-uns\/","og_site_name":"Movacolor","article_modified_time":"2024-02-09T20:01:16+00:00","twitter_card":"summary_large_image","twitter_misc":{"Gesch\u00e4tzte Lesezeit":"2\u00a0Minuten"},"schema":{"@context":"https:\/\/schema.org","@graph":[{"@type":"WebPage","@id":"https:\/\/www.movacolor.com\/de\/uber-uns\/","url":"https:\/\/www.movacolor.com\/de\/uber-uns\/","name":"\u00dcber uns - Movacolor","isPartOf":{"@id":"https:\/\/www.movacolor.com\/de\/#website"},"datePublished":"2023-01-04T13:27:52+00:00","dateModified":"2024-02-09T20:01:16+00:00","description":"Entdecken Sie Movacolors f\u00fchrende Dosiertechnologie f\u00fcr Spritzguss und Extrusion. Hochwertige, zuverl\u00e4ssige Systeme f\u00fcr weltweite Kunststoffhersteller.","breadcrumb":{"@id":"https:\/\/www.movacolor.com\/de\/uber-uns\/#breadcrumb"},"inLanguage":"de","potentialAction":[{"@type":"ReadAction","target":["https:\/\/www.movacolor.com\/de\/uber-uns\/"]}]},{"@type":"BreadcrumbList","@id":"https:\/\/www.movacolor.com\/de\/uber-uns\/#breadcrumb","itemListElement":[{"@type":"ListItem","position":1,"name":"Home","item":"https:\/\/www.movacolor.com\/de\/"},{"@type":"ListItem","position":2,"name":"\u00dcber uns"}]},{"@type":"WebSite","@id":"https:\/\/www.movacolor.com\/de\/#website","url":"https:\/\/www.movacolor.com\/de\/","name":"Movacolor","description":"modular dosing solutions","potentialAction":[{"@type":"SearchAction","target":{"@type":"EntryPoint","urlTemplate":"https:\/\/www.movacolor.com\/de\/?s={search_term_string}"},"query-input":{"@type":"PropertyValueSpecification","valueRequired":true,"valueName":"search_term_string"}}],"inLanguage":"de"}]}},"_links":{"self":[{"href":"https:\/\/www.movacolor.com\/de\/wp-json\/wp\/v2\/pages\/3102","targetHints":{"allow":["GET"]}}],"collection":[{"href":"https:\/\/www.movacolor.com\/de\/wp-json\/wp\/v2\/pages"}],"about":[{"href":"https:\/\/www.movacolor.com\/de\/wp-json\/wp\/v2\/types\/page"}],"author":[{"embeddable":true,"href":"https:\/\/www.movacolor.com\/de\/wp-json\/wp\/v2\/users\/2"}],"replies":[{"embeddable":true,"href":"https:\/\/www.movacolor.com\/de\/wp-json\/wp\/v2\/comments?post=3102"}],"version-history":[{"count":5,"href":"https:\/\/www.movacolor.com\/de\/wp-json\/wp\/v2\/pages\/3102\/revisions"}],"predecessor-version":[{"id":17131,"href":"https:\/\/www.movacolor.com\/de\/wp-json\/wp\/v2\/pages\/3102\/revisions\/17131"}],"wp:attachment":[{"href":"https:\/\/www.movacolor.com\/de\/wp-json\/wp\/v2\/media?parent=3102"}],"curies":[{"name":"wp","href":"https:\/\/api.w.org\/{rel}","templated":true}]}}